{"id":4070,"date":"2024-09-26T10:01:57","date_gmt":"2024-09-26T09:01:57","guid":{"rendered":"https:\/\/mergerin.com\/vart-team\/united-kingdom\/"},"modified":"2024-10-21T12:12:19","modified_gmt":"2024-10-21T11:12:19","slug":"united-kingdom","status":"publish","type":"page","link":"https:\/\/mergerin.com\/sv\/vart-team\/united-kingdom\/","title":{"rendered":"United-Kingdom"},"content":{"rendered":"<p><div class=\"fusion-fullwidth fullwidth-box fusion-builder-row-1 fusion-flex-container has-pattern-background has-mask-background nonhundred-percent-fullwidth non-hundred-percent-height-scrolling\" style=\"--awb-border-radius-top-left:0px;--awb-border-radius-top-right:0px;--awb-border-radius-bottom-right:0px;--awb-border-radius-bottom-left:0px;--awb-margin-top:2px;--awb-flex-wrap:wrap;\" ><div class=\"fusion-builder-row fusion-row fusion-flex-align-items-flex-start fusion-flex-justify-content-center fusion-flex-content-wrap\" style=\"max-width:1372.8px;margin-left: calc(-4% \/ 2 );margin-right: calc(-4% \/ 2 );\"><div class=\"fusion-layout-column fusion_builder_column fusion-builder-column-0 fusion_builder_column_4_5 4_5 fusion-flex-column\" style=\"--awb-bg-size:cover;--awb-width-large:80%;--awb-margin-top-large:0px;--awb-spacing-right-large:12%;--awb-margin-bottom-large:0px;--awb-spacing-left-large:12%;--awb-width-medium:83.333333333333%;--awb-order-medium:0;--awb-spacing-right-medium:4.608%;--awb-spacing-left-medium:4.608%;--awb-width-small:100%;--awb-order-small:0;--awb-spacing-right-small:1.92%;--awb-spacing-left-small:1.92%;\"><div class=\"fusion-column-wrapper fusion-column-has-shadow fusion-flex-justify-content-flex-start fusion-content-layout-column\"><div class=\"fusion-text fusion-text-1 fusion-text-no-margin\" style=\"--awb-content-alignment:center;--awb-font-size:19px;--awb-text-transform:capitalize;--awb-text-color:var(--awb-color5);--awb-margin-bottom:0px;\"><p>Passionerad &#8211; Ansvarsfull &#8211; Professionell<\/p>\n<\/div><div class=\"fusion-separator\" style=\"align-self: center;margin-left: auto;margin-right: auto;width:100%;max-width:282px;\"><div class=\"fusion-separator-border sep-single sep-dotted\" style=\"--awb-height:20px;--awb-amount:20px;--awb-sep-color:var(--awb-color4);border-color:var(--awb-color4);border-top-width:1px;\"><\/div><\/div><div class=\"fusion-title title fusion-title-1 fusion-sep-none fusion-title-center fusion-title-text fusion-title-size-two\" style=\"--awb-margin-top:20px;\"><h2 class=\"fusion-title-heading title-heading-center\" style=\"margin:0;\">L\u00e4r k\u00e4nna v\u00e5rt team<\/h2><\/div><div class=\"fusion-text fusion-text-2 fusion-text-no-margin\" style=\"--awb-content-alignment:center;--awb-margin-right:6%;--awb-margin-bottom:60px;--awb-margin-left:6%;\"><p>F\u00f6r att se v\u00e5ra teammedlemmar, v\u00e4lj land nedan<\/p>\n<\/div><div class=\"fusion-text fusion-text-3 fusion-text-no-margin\" style=\"--awb-content-alignment:center;--awb-font-size:19px;--awb-text-transform:capitalize;--awb-text-color:var(--awb-color5);--awb-margin-bottom:0px;\"><p><a href=\"https:\/\/mergerin.com\/our-team\/austria\/\">\u00d6sterrike <\/a>\u2013 <a href=\"https:\/\/mergerin.com\/our-team\/estonia\/\">Estland <\/a>\u2013 <a href=\"https:\/\/mergerin.com\/our-team\/finland\/\">Finland <\/a>\u2013 <a href=\"https:\/\/mergerin.com\/our-team\/france\/\">Frankrike <\/a>\u2013 <a href=\"https:\/\/mergerin.com\/our-team\/germany\/\">Tyskland <\/a>\u2013 <a href=\"https:\/\/mergerin.com\/our-team\/greece\/\">Grekland <\/a>\u2013 <a href=\"https:\/\/mergerin.com\/our-team\/italy\/\">Italien <\/a>\u2013 <a href=\"https:\/\/mergerin.com\/our-team\/netherlands\/\">Nederl\u00e4nderna <\/a>\u2013 <a href=\"https:\/\/mergerin.com\/our-team\/norway\/\">Norge <\/a>\u2013 <a href=\"https:\/\/mergerin.com\/our-team\/poland\/\">Polen <\/a>\u2013 <a href=\"https:\/\/mergerin.com\/our-team\/portugal\/\">Portugal <\/a>\u2013 <a href=\"https:\/\/mergerin.com\/our-team\/spain\/\">Spanien <\/a>\u2013 <a href=\"https:\/\/mergerin.com\/our-team\/sweden\/\">Sverige <\/a>\u2013 <a href=\"https:\/\/mergerin.com\/our-team\/united-kingdom\/\">England<\/a><\/p>\n<\/div><\/div><\/div><\/div><\/div><div class=\"fusion-fullwidth fullwidth-box fusion-builder-row-2 fusion-flex-container has-pattern-background has-mask-background nonhundred-percent-fullwidth non-hundred-percent-height-scrolling\" style=\"--awb-border-radius-top-left:0px;--awb-border-radius-top-right:0px;--awb-border-radius-bottom-right:0px;--awb-border-radius-bottom-left:0px;--awb-padding-top:0px;--awb-margin-top:39px;--awb-flex-wrap:wrap;\" ><div class=\"fusion-builder-row fusion-row fusion-flex-align-items-flex-start fusion-flex-justify-content-center fusion-flex-content-wrap\" style=\"max-width:1372.8px;margin-left: calc(-4% \/ 2 );margin-right: calc(-4% \/ 2 );\"><div class=\"fusion-layout-column fusion_builder_column fusion-builder-column-1 fusion_builder_column_1_4 1_4 fusion-flex-column\" style=\"--awb-padding-top:10px;--awb-padding-right:10px;--awb-padding-bottom:10px;--awb-padding-left:10px;--awb-overflow:hidden;--awb-bg-size:cover;--awb-box-shadow:2px 2px 40px 0px hsla(var(--awb-color8-h),var(--awb-color8-s),var(--awb-color8-l),calc(var(--awb-color8-a) - 90%));;--awb-border-radius:10px 10px 10px 10px;--awb-width-large:25%;--awb-margin-top-large:0px;--awb-spacing-right-large:10px;--awb-margin-bottom-large:0px;--awb-spacing-left-large:10px;--awb-width-medium:50%;--awb-order-medium:0;--awb-spacing-right-medium:10px;--awb-spacing-left-medium:10px;--awb-width-small:100%;--awb-order-small:0;--awb-spacing-right-small:1.92%;--awb-spacing-left-small:1.92%;\"><div class=\"fusion-column-wrapper fusion-column-has-shadow fusion-flex-justify-content-flex-start fusion-content-layout-column\"><div class=\"fusion-builder-row fusion-builder-row-inner fusion-row fusion-flex-align-items-flex-start fusion-flex-justify-content-center fusion-flex-content-wrap\" style=\"width:104% !important;max-width:104% !important;margin-left: calc(-4% \/ 2 );margin-right: calc(-4% \/ 2 );\"><div class=\"fusion-layout-column fusion_builder_column_inner fusion-builder-nested-column-0 fusion_builder_column_inner_1_1 1_1 fusion-flex-column\" style=\"--awb-container-position:absolute;--awb-bg-size:cover;--awb-width-large:100%;--awb-margin-top-large:0px;--awb-spacing-right-large:1.92%;--awb-margin-bottom-large:0px;--awb-spacing-left-large:1.92%;--awb-width-medium:100%;--awb-order-medium:0;--awb-spacing-right-medium:1.92%;--awb-spacing-left-medium:1.92%;--awb-width-small:100%;--awb-order-small:0;--awb-spacing-right-small:1.92%;--awb-spacing-left-small:1.92%;\"><div class=\"fusion-column-wrapper fusion-column-has-shadow fusion-flex-justify-content-flex-start fusion-content-layout-column\"><div class=\"fusion-image-element \" style=\"--awb-caption-title-font-family:var(--h2_typography-font-family);--awb-caption-title-font-weight:var(--h2_typography-font-weight);--awb-caption-title-font-style:var(--h2_typography-font-style);--awb-caption-title-size:var(--h2_typography-font-size);--awb-caption-title-transform:var(--h2_typography-text-transform);--awb-caption-title-line-height:var(--h2_typography-line-height);--awb-caption-title-letter-spacing:var(--h2_typography-letter-spacing);\"><span class=\" fusion-imageframe imageframe-none imageframe-1 hover-type-zoomin\" style=\"border-radius:8px;\"><img decoding=\"async\" width=\"800\" height=\"800\" src=\"https:\/\/mergerin.com\/wp-content\/uploads\/2024\/09\/WhatsApp-Image-2024-09-26-at-11.57.40-AM.jpg\" data-orig-src=\"http:\/\/mergerin.com\/wp-content\/uploads\/2024\/09\/WhatsApp-Image-2024-09-26-at-11.57.40-AM.jpg\" alt class=\"lazyload img-responsive wp-image-3670\" srcset=\"data:image\/svg+xml,%3Csvg%20xmlns%3D%27http%3A%2F%2Fwww.w3.org%2F2000%2Fsvg%27%20width%3D%27800%27%20height%3D%27800%27%20viewBox%3D%270%200%20800%20800%27%3E%3Crect%20width%3D%27800%27%20height%3D%27800%27%20fill-opacity%3D%220%22%2F%3E%3C%2Fsvg%3E\" data-srcset=\"https:\/\/mergerin.com\/wp-content\/uploads\/2024\/09\/WhatsApp-Image-2024-09-26-at-11.57.40-AM-200x200.jpg 200w, https:\/\/mergerin.com\/wp-content\/uploads\/2024\/09\/WhatsApp-Image-2024-09-26-at-11.57.40-AM-400x400.jpg 400w, https:\/\/mergerin.com\/wp-content\/uploads\/2024\/09\/WhatsApp-Image-2024-09-26-at-11.57.40-AM-600x600.jpg 600w, https:\/\/mergerin.com\/wp-content\/uploads\/2024\/09\/WhatsApp-Image-2024-09-26-at-11.57.40-AM.jpg 800w\" data-sizes=\"auto\" data-orig-sizes=\"(max-width: 850px) 100vw, 800px\" \/><\/span><\/div><div class=\"fusion-title title fusion-title-2 fusion-sep-none fusion-title-center fusion-title-text fusion-title-size-five\" style=\"--awb-margin-top:35px;--awb-margin-bottom:0px;--awb-margin-top-small:40px;\"><h5 class=\"fusion-title-heading title-heading-center\" style=\"margin:0;\">John Walsh<\/h5><\/div><div class=\"fusion-social-links fusion-social-links-1\" style=\"--awb-margin-top:20px;--awb-margin-right:0px;--awb-margin-bottom:40px;--awb-margin-left:0px;--awb-alignment:center;--awb-box-border-top:0px;--awb-box-border-right:0px;--awb-box-border-bottom:0px;--awb-box-border-left:0px;--awb-icon-colors-hover:var(--awb-color5);--awb-box-colors-hover:var(--awb-color1);--awb-box-border-color:var(--awb-color3);--awb-box-border-color-hover:var(--awb-color4);\"><div class=\"fusion-social-networks boxed-icons color-type-custom\"><div class=\"fusion-social-networks-wrapper\"><a class=\"fusion-social-network-icon fusion-tooltip fusion-linkedin awb-icon-linkedin\" style=\"color:var(--awb-color1);font-size:17px;width:17px;background-color:var(--awb-color5);border-color:var(--awb-color5);border-radius:4px;\" data-placement=\"top\" data-title=\"LinkedIn\" data-toggle=\"tooltip\" title=\"LinkedIn\" aria-label=\"linkedin\" target=\"_blank\" rel=\"noopener noreferrer\" href=\"https:\/\/www.linkedin.com\/in\/john-walsh-55477b\/\"><\/a><\/div><\/div><\/div><\/div><\/div><div class=\"fusion-layout-column fusion_builder_column_inner fusion-builder-nested-column-1 fusion_builder_column_inner_1_1 1_1 fusion-flex-column\" style=\"--awb-overflow:hidden;--awb-bg-color:var(--awb-color5);--awb-bg-color-hover:var(--awb-color5);--awb-bg-size:cover;--awb-border-radius:8px 8px 8px 8px;--awb-filter:opacity(0%);--awb-filter-transition:filter 0.3s ease;--awb-filter-hover:opacity(100%);--awb-filter-parent-hover:opacity(100%);--awb-width-large:100%;--awb-margin-top-large:0px;--awb-spacing-right-large:1.92%;--awb-margin-bottom-large:0px;--awb-spacing-left-large:1.92%;--awb-width-medium:100%;--awb-order-medium:0;--awb-spacing-right-medium:1.92%;--awb-spacing-left-medium:1.92%;--awb-width-small:100%;--awb-order-small:0;--awb-spacing-right-small:1.92%;--awb-spacing-left-small:1.92%;\"><div class=\"fusion-column-wrapper fusion-column-has-shadow fusion-flex-justify-content-flex-start fusion-content-layout-column\"><div class=\"fusion-image-element \" style=\"--awb-caption-title-font-family:var(--h2_typography-font-family);--awb-caption-title-font-weight:var(--h2_typography-font-weight);--awb-caption-title-font-style:var(--h2_typography-font-style);--awb-caption-title-size:var(--h2_typography-font-size);--awb-caption-title-transform:var(--h2_typography-text-transform);--awb-caption-title-line-height:var(--h2_typography-line-height);--awb-caption-title-letter-spacing:var(--h2_typography-letter-spacing);\"><span class=\" fusion-imageframe imageframe-none imageframe-2 hover-type-zoomin\" style=\"border-radius:8px;\"><img decoding=\"async\" width=\"800\" height=\"800\" src=\"https:\/\/mergerin.com\/wp-content\/uploads\/2024\/09\/WhatsApp-Image-2024-09-26-at-11.57.40-AM.jpg\" data-orig-src=\"http:\/\/mergerin.com\/wp-content\/uploads\/2024\/09\/WhatsApp-Image-2024-09-26-at-11.57.40-AM.jpg\" alt class=\"lazyload img-responsive wp-image-3670\" srcset=\"data:image\/svg+xml,%3Csvg%20xmlns%3D%27http%3A%2F%2Fwww.w3.org%2F2000%2Fsvg%27%20width%3D%27800%27%20height%3D%27800%27%20viewBox%3D%270%200%20800%20800%27%3E%3Crect%20width%3D%27800%27%20height%3D%27800%27%20fill-opacity%3D%220%22%2F%3E%3C%2Fsvg%3E\" data-srcset=\"https:\/\/mergerin.com\/wp-content\/uploads\/2024\/09\/WhatsApp-Image-2024-09-26-at-11.57.40-AM-200x200.jpg 200w, https:\/\/mergerin.com\/wp-content\/uploads\/2024\/09\/WhatsApp-Image-2024-09-26-at-11.57.40-AM-400x400.jpg 400w, https:\/\/mergerin.com\/wp-content\/uploads\/2024\/09\/WhatsApp-Image-2024-09-26-at-11.57.40-AM-600x600.jpg 600w, https:\/\/mergerin.com\/wp-content\/uploads\/2024\/09\/WhatsApp-Image-2024-09-26-at-11.57.40-AM.jpg 800w\" data-sizes=\"auto\" data-orig-sizes=\"(max-width: 850px) 100vw, 800px\" \/><\/span><\/div><div class=\"fusion-title title fusion-title-3 fusion-sep-none fusion-title-center fusion-title-text fusion-title-size-five\" style=\"--awb-text-color:var(--awb-color1);--awb-margin-top:35px;--awb-margin-bottom:0px;--awb-margin-top-small:40px;\"><h5 class=\"fusion-title-heading title-heading-center\" style=\"margin:0;\">John Walsh<\/h5><\/div><div class=\"fusion-social-links fusion-social-links-2\" style=\"--awb-margin-top:20px;--awb-margin-right:0px;--awb-margin-bottom:40px;--awb-margin-left:0px;--awb-alignment:center;--awb-box-border-top:0px;--awb-box-border-right:0px;--awb-box-border-bottom:0px;--awb-box-border-left:0px;--awb-icon-colors-hover:var(--awb-color5);--awb-box-colors-hover:var(--awb-color1);--awb-box-border-color:var(--awb-color3);--awb-box-border-color-hover:var(--awb-color4);\"><div class=\"fusion-social-networks boxed-icons color-type-custom\"><div class=\"fusion-social-networks-wrapper\"><a class=\"fusion-social-network-icon fusion-tooltip fusion-linkedin awb-icon-linkedin\" style=\"color:var(--awb-color1);font-size:17px;width:17px;background-color:hsla(var(--awb-color5-h),var(--awb-color5-s),calc(var(--awb-color5-l) + 10%),var(--awb-color5-a));border-color:hsla(var(--awb-color5-h),var(--awb-color5-s),calc(var(--awb-color5-l) + 10%),var(--awb-color5-a));border-radius:4px;\" data-placement=\"top\" data-title=\"LinkedIn\" data-toggle=\"tooltip\" title=\"LinkedIn\" aria-label=\"linkedin\" target=\"_blank\" rel=\"noopener noreferrer\" href=\"https:\/\/www.linkedin.com\/in\/john-walsh-55477b\/\"><\/a><\/div><\/div><\/div><\/div><\/div><\/div><\/div><\/div><\/div><\/div><\/p>\n","protected":false},"excerpt":{"rendered":"","protected":false},"author":1,"featured_media":0,"parent":4049,"menu_order":0,"comment_status":"closed","ping_status":"closed","template":"","meta":{"_acf_changed":false,"footnotes":""},"class_list":["post-4070","page","type-page","status-publish","hentry"],"acf":[],"_links":{"self":[{"href":"https:\/\/mergerin.com\/sv\/wp-json\/wp\/v2\/pages\/4070"}],"collection":[{"href":"https:\/\/mergerin.com\/sv\/wp-json\/wp\/v2\/pages"}],"about":[{"href":"https:\/\/mergerin.com\/sv\/wp-json\/wp\/v2\/types\/page"}],"author":[{"embeddable":true,"href":"https:\/\/mergerin.com\/sv\/wp-json\/wp\/v2\/users\/1"}],"replies":[{"embeddable":true,"href":"https:\/\/mergerin.com\/sv\/wp-json\/wp\/v2\/comments?post=4070"}],"version-history":[{"count":3,"href":"https:\/\/mergerin.com\/sv\/wp-json\/wp\/v2\/pages\/4070\/revisions"}],"predecessor-version":[{"id":4073,"href":"https:\/\/mergerin.com\/sv\/wp-json\/wp\/v2\/pages\/4070\/revisions\/4073"}],"up":[{"embeddable":true,"href":"https:\/\/mergerin.com\/sv\/wp-json\/wp\/v2\/pages\/4049"}],"wp:attachment":[{"href":"https:\/\/mergerin.com\/sv\/wp-json\/wp\/v2\/media?parent=4070"}],"curies":[{"name":"wp","href":"https:\/\/api.w.org\/{rel}","templated":true}]}}