{"id":4049,"date":"2022-08-14T13:53:40","date_gmt":"2022-08-14T12:53:40","guid":{"rendered":"https:\/\/mergerin.com\/vart-team\/"},"modified":"2024-10-21T11:55:02","modified_gmt":"2024-10-21T10:55:02","slug":"vart-team","status":"publish","type":"page","link":"https:\/\/mergerin.com\/sv\/vart-team\/","title":{"rendered":"V\u00e5rt Team"},"content":{"rendered":"<div class=\"fusion-fullwidth fullwidth-box fusion-builder-row-1 fusion-flex-container has-pattern-background has-mask-background nonhundred-percent-fullwidth non-hundred-percent-height-scrolling\" style=\"--awb-border-radius-top-left:0px;--awb-border-radius-top-right:0px;--awb-border-radius-bottom-right:0px;--awb-border-radius-bottom-left:0px;--awb-margin-top:2px;--awb-flex-wrap:wrap;\" ><div class=\"fusion-builder-row fusion-row fusion-flex-align-items-flex-start fusion-flex-justify-content-center fusion-flex-content-wrap\" style=\"max-width:1372.8px;margin-left: calc(-4% \/ 2 );margin-right: calc(-4% \/ 2 );\"><div class=\"fusion-layout-column fusion_builder_column fusion-builder-column-0 fusion_builder_column_4_5 4_5 fusion-flex-column\" style=\"--awb-bg-size:cover;--awb-width-large:80%;--awb-margin-top-large:0px;--awb-spacing-right-large:12%;--awb-margin-bottom-large:0px;--awb-spacing-left-large:12%;--awb-width-medium:83.333333333333%;--awb-order-medium:0;--awb-spacing-right-medium:4.608%;--awb-spacing-left-medium:4.608%;--awb-width-small:100%;--awb-order-small:0;--awb-spacing-right-small:1.92%;--awb-spacing-left-small:1.92%;\"><div class=\"fusion-column-wrapper fusion-column-has-shadow fusion-flex-justify-content-flex-start fusion-content-layout-column\"><div class=\"fusion-text fusion-text-1 fusion-text-no-margin\" style=\"--awb-content-alignment:center;--awb-font-size:19px;--awb-text-transform:capitalize;--awb-text-color:var(--awb-color5);--awb-margin-bottom:0px;\"><p>Passionerad &#8211; Ansvarsfull &#8211; Professionell<\/p>\n<\/div><div class=\"fusion-separator\" style=\"align-self: center;margin-left: auto;margin-right: auto;width:100%;max-width:282px;\"><div class=\"fusion-separator-border sep-single sep-dotted\" style=\"--awb-height:20px;--awb-amount:20px;--awb-sep-color:var(--awb-color4);border-color:var(--awb-color4);border-top-width:1px;\"><\/div><\/div><div class=\"fusion-title title fusion-title-1 fusion-sep-none fusion-title-center fusion-title-text fusion-title-size-two\" style=\"--awb-margin-top:20px;\"><h2 class=\"fusion-title-heading title-heading-center\" style=\"margin:0;\">L\u00e4r k\u00e4nna v\u00e5rt team<\/h2><\/div><div class=\"fusion-text fusion-text-2 fusion-text-no-margin\" style=\"--awb-content-alignment:center;--awb-margin-right:6%;--awb-margin-bottom:60px;--awb-margin-left:6%;\"><p>F\u00f6r att se v\u00e5ra teammedlemmar, v\u00e4lj land nedan<\/p>\n<\/div><div class=\"fusion-text fusion-text-3 fusion-text-no-margin\" style=\"--awb-content-alignment:center;--awb-font-size:19px;--awb-text-transform:capitalize;--awb-text-color:var(--awb-color5);--awb-margin-bottom:0px;\"><p><a href=\"https:\/\/mergerin.com\/our-team\/austria\/\">\u00d6sterrike <\/a>\u2013 <a href=\"https:\/\/mergerin.com\/our-team\/estonia\/\">Estland <\/a>\u2013 <a href=\"https:\/\/mergerin.com\/our-team\/finland\/\">Finland <\/a>\u2013 <a href=\"https:\/\/mergerin.com\/our-team\/france\/\">Frankrike <\/a>\u2013 <a href=\"https:\/\/mergerin.com\/our-team\/germany\/\">Tyskland <\/a>\u2013 <a href=\"https:\/\/mergerin.com\/our-team\/greece\/\">Grekland <\/a>\u2013 <a href=\"https:\/\/mergerin.com\/our-team\/italy\/\">Italien <\/a>\u2013 <a href=\"https:\/\/mergerin.com\/our-team\/netherlands\/\">Nederl\u00e4nderna <\/a>\u2013 <a href=\"https:\/\/mergerin.com\/our-team\/norway\/\">Norge <\/a>\u2013 <a href=\"https:\/\/mergerin.com\/our-team\/poland\/\">Polen <\/a>\u2013 <a href=\"https:\/\/mergerin.com\/our-team\/portugal\/\">Portugal <\/a>\u2013 <a href=\"https:\/\/mergerin.com\/our-team\/spain\/\">Spanien <\/a>\u2013 <a href=\"https:\/\/mergerin.com\/our-team\/sweden\/\">Sverige <\/a>\u2013 <a href=\"https:\/\/mergerin.com\/our-team\/united-kingdom\/\">England<\/a><\/p>\n<\/div><\/div><\/div><\/div><\/div>\n","protected":false},"excerpt":{"rendered":"","protected":false},"author":1,"featured_media":0,"parent":0,"menu_order":0,"comment_status":"closed","ping_status":"closed","template":"100-width.php","meta":{"_acf_changed":false,"footnotes":""},"class_list":["post-4049","page","type-page","status-publish","hentry"],"acf":[],"_links":{"self":[{"href":"https:\/\/mergerin.com\/sv\/wp-json\/wp\/v2\/pages\/4049"}],"collection":[{"href":"https:\/\/mergerin.com\/sv\/wp-json\/wp\/v2\/pages"}],"about":[{"href":"https:\/\/mergerin.com\/sv\/wp-json\/wp\/v2\/types\/page"}],"author":[{"embeddable":true,"href":"https:\/\/mergerin.com\/sv\/wp-json\/wp\/v2\/users\/1"}],"replies":[{"embeddable":true,"href":"https:\/\/mergerin.com\/sv\/wp-json\/wp\/v2\/comments?post=4049"}],"version-history":[{"count":2,"href":"https:\/\/mergerin.com\/sv\/wp-json\/wp\/v2\/pages\/4049\/revisions"}],"predecessor-version":[{"id":4051,"href":"https:\/\/mergerin.com\/sv\/wp-json\/wp\/v2\/pages\/4049\/revisions\/4051"}],"wp:attachment":[{"href":"https:\/\/mergerin.com\/sv\/wp-json\/wp\/v2\/media?parent=4049"}],"curies":[{"name":"wp","href":"https:\/\/api.w.org\/{rel}","templated":true}]}}